{"id":16,"date":"2026-05-11T08:09:17","date_gmt":"2026-05-11T08:09:17","guid":{"rendered":"https:\/\/siu88.in.net\/?page_id=16"},"modified":"2026-05-11T08:12:51","modified_gmt":"2026-05-11T08:12:51","slug":"siu88","status":"publish","type":"page","link":"https:\/\/siu88.in.net\/","title":{"rendered":"SIU88"},"content":{"rendered":"\n<div class=\"row\"  id=\"row-956356200\">\n\n\n\t<div id=\"col-2141657486\" class=\"col small-12 large-12\"  >\n\t\t\t\t<div class=\"col-inner\"  >\n\t\t\t\n\t\t\t\n\n\t<div class=\"img has-hover x md-x lg-x y md-y lg-y\" id=\"image_158962565\">\n\t\t\t\t\t\t\t\t<div class=\"img-inner dark\" >\n\t\t\t<img loading=\"lazy\" decoding=\"async\" width=\"1020\" height=\"319\" src=\"https:\/\/siu88.in.net\/wp-content\/uploads\/2026\/05\/siu88-banner-1024x320.jpg\" class=\"attachment-large size-large\" alt=\"siu88-banner\" srcset=\"https:\/\/siu88.in.net\/wp-content\/uploads\/2026\/05\/siu88-banner-1024x320.jpg 1024w, https:\/\/siu88.in.net\/wp-content\/uploads\/2026\/05\/siu88-banner-300x94.jpg 300w, https:\/\/siu88.in.net\/wp-content\/uploads\/2026\/05\/siu88-banner-768x240.jpg 768w, https:\/\/siu88.in.net\/wp-content\/uploads\/2026\/05\/siu88-banner-1536x480.jpg 1536w, https:\/\/siu88.in.net\/wp-content\/uploads\/2026\/05\/siu88-banner.jpg 1920w\" sizes=\"auto, (max-width: 1020px) 100vw, 1020px\" \/>\t\t\t\t\t\t\n\t\t\t\t\t<\/div>\n\t\t\t\t\t\t\t\t\n<style>\n#image_158962565 {\n  width: 100%;\n}\n<\/style>\n\t<\/div>\n\t\n\n\n\t\t<\/div>\n\t\t\t\t\t<\/div>\n\n\t\n\n<\/div>\n<div class=\"row\"  id=\"row-1968539843\">\n\n\n\t<div id=\"col-210670754\" class=\"col small-12 large-12\"  >\n\t\t\t\t<div class=\"col-inner\"  >\n\t\t\t\n\t\t\t\n\n<div class=\"container section-title-container\" ><h1 class=\"section-title section-title-center\"><b><\/b><span class=\"section-title-main\" >SIU88 Nh\u00e0 C\u00e1i C\u00e1 C\u01b0\u1ee3c Tr\u1ef1c Tuy\u1ebfn Uy T\u00edn | Link V\u00e0o SIU88 M\u1edbi Nh\u1ea5t<\/span><b><\/b><\/h1><\/div>\n\n<p>b\u00e0i vi\u1ebft<\/p>\n\n\t\t<\/div>\n\t\t\t\t\t<\/div>\n\n\t\n\n<\/div>\n\n","protected":false},"excerpt":{"rendered":"","protected":false},"author":2,"featured_media":0,"parent":0,"menu_order":0,"comment_status":"closed","ping_status":"closed","template":"","meta":{"footnotes":""},"class_list":["post-16","page","type-page","status-publish","hentry"],"_links":{"self":[{"href":"https:\/\/siu88.in.net\/index.php?rest_route=\/wp\/v2\/pages\/16","targetHints":{"allow":["GET"]}}],"collection":[{"href":"https:\/\/siu88.in.net\/index.php?rest_route=\/wp\/v2\/pages"}],"about":[{"href":"https:\/\/siu88.in.net\/index.php?rest_route=\/wp\/v2\/types\/page"}],"author":[{"embeddable":true,"href":"https:\/\/siu88.in.net\/index.php?rest_route=\/wp\/v2\/users\/2"}],"replies":[{"embeddable":true,"href":"https:\/\/siu88.in.net\/index.php?rest_route=%2Fwp%2Fv2%2Fcomments&post=16"}],"version-history":[{"count":3,"href":"https:\/\/siu88.in.net\/index.php?rest_route=\/wp\/v2\/pages\/16\/revisions"}],"predecessor-version":[{"id":23,"href":"https:\/\/siu88.in.net\/index.php?rest_route=\/wp\/v2\/pages\/16\/revisions\/23"}],"wp:attachment":[{"href":"https:\/\/siu88.in.net\/index.php?rest_route=%2Fwp%2Fv2%2Fmedia&parent=16"}],"curies":[{"name":"wp","href":"https:\/\/api.w.org\/{rel}","templated":true}]}}